{"id":17,"date":"2025-09-09T15:06:13","date_gmt":"2025-09-09T13:06:13","guid":{"rendered":"https:\/\/prestige.cabinet-carniel.immo\/?page_id=17"},"modified":"2026-03-19T13:31:12","modified_gmt":"2026-03-19T12:31:12","slug":"mentions-legales","status":"publish","type":"page","link":"https:\/\/prestige.cabinet-carniel.immo\/en\/mentions-legales\/","title":{"rendered":"Legal notice"},"content":{"rendered":"<div data-elementor-type=\"wp-page\" data-elementor-id=\"17\" class=\"elementor elementor-17\" data-elementor-post-type=\"page\">\n\t\t\t\t<div class=\"elementor-element elementor-element-1b4ab07 e-flex e-con-boxed e-con e-parent\" data-id=\"1b4ab07\" data-element_type=\"container\" data-e-type=\"container\">\n\t\t\t\t\t<div class=\"e-con-inner\">\n\t\t\t\t<div class=\"elementor-element elementor-element-ba362ab elementor-widget elementor-widget-text-editor\" data-id=\"ba362ab\" data-element_type=\"widget\" data-e-type=\"widget\" data-widget_type=\"text-editor.default\">\n\t\t\t\t\t\t\t\t\t<h1>Legal notice<\/h1>\n<p><strong>Site Publisher<\/strong><br>This site is published by:<br>CABINET CARNIEL SARL<br>Legal form: SARL (Private Limited Company)<br>Share capital: \u20ac15,000<br>Registered office: 30 Boulevard Raymond Fourcade, 47200 Marmande, France<br>SIRET: 479 743 429 00017<br>RCS: 479 743 429 RCS Marmande<br>Professional licence for Property and Business Sales Transactions (T) n\u00b0 4702 2015 000 002 309<br>Issued by: CCI du Lot et Garonne<br>Intra-community VAT: FR74479743429<\/p>\n<p><\/p>\n<p><strong>Financial Guarantee<\/strong><br>Financial guarantee fund: GALIAN<br>Amount of financial guarantee: \u20ac120,000<\/p>\n<p><\/p>\n<p class=\"translation-block\"><strong>Consumer Mediation<\/strong><br>In accordance with articles L.616-1 and R.616-1 of the French Consumer Code, consumers may make free use of the following mediator:<br>ANM CONSO<br>Website: <a href=\"https:\/\/www.anm-conso.com\" target=\"_blank\" rel=\"noopener\">www.anm-conso.com<\/a><\/p>\n<p><\/p>\n<p><strong>Site Design and Publishing<\/strong><br>MEDIAFANS \u2013 EI St\u00e9phan Burgaud<br>SIRET: 841 204 555 00012<br>Registered address: 26 all\u00e9e des Violettes, 33210 Toulenne, France<br>Contact : <a href=\"mailto:contact@mediafans.fr\">contact@mediafans.fr<\/a> \u2013 07 66 99 52 47<\/p>\n<p><\/p>\n<p class=\"translation-block\"><strong>Hosting<\/strong><br>Hostinger International Ltd.<br>61 Lordou Vironos Street, 6023 Larnaca, Cyprus<br>Website: <a href=\"https:\/\/www.hostinger.fr\" target=\"_blank\" rel=\"noopener\">www.hostinger.fr<\/a><\/p>\n<p><\/p>\n<p class=\"translation-block\"><strong>Intellectual Property<\/strong><br>All content on this site (texts, images, graphics, logos, icons, etc.) is protected by copyright and intellectual property law.<br>Any reproduction, representation, modification or adaptation, in whole or in part, without prior written authorisation is prohibited.<\/p>\n<p><\/p>\n<p class=\"translation-block\"><strong>Liability<\/strong><br>The site publisher makes every effort to provide accurate and up-to-date information.<br>However, it cannot be held liable for any omissions, inaccuracies or shortcomings in the updates.<\/p>\n<p><\/p>\n<p class=\"translation-block\"><strong>Applicable Law<\/strong><br>These legal notices are governed by French law.<br>In the event of a dispute, French courts shall have sole jurisdiction.<\/p>\t\t\t\t\t\t\t\t<\/div>\n\t\t\t\t\t<\/div>\n\t\t\t\t<\/div>\n\t\t\t\t<\/div>","protected":false},"excerpt":{"rendered":"<p>Mentions l\u00e9gales \u00c9diteur du siteLe pr\u00e9sent site est \u00e9dit\u00e9 par :CABINET CARNIEL SARLForme juridique : SARLCapital social : 15 000 \u20acSi\u00e8ge social : 30 Boulevard Raymond Fourcade, 47200 Marmande, FranceSIRET : 479 743 429 00017RCS : 479 743 429 RCS MarmandeCarte professionnelle Transaction sur immeubles et fonds de commerce (T) n\u00b0 4702 2015 000 002 [&hellip;]<\/p>\n","protected":false},"author":2,"featured_media":2014,"parent":0,"menu_order":0,"comment_status":"closed","ping_status":"closed","template":"","meta":{"_acf_changed":false,"footnotes":""},"class_list":["post-17","page","type-page","status-publish","has-post-thumbnail","hentry"],"acf":[],"_links":{"self":[{"href":"https:\/\/prestige.cabinet-carniel.immo\/en\/wp-json\/wp\/v2\/pages\/17","targetHints":{"allow":["GET"]}}],"collection":[{"href":"https:\/\/prestige.cabinet-carniel.immo\/en\/wp-json\/wp\/v2\/pages"}],"about":[{"href":"https:\/\/prestige.cabinet-carniel.immo\/en\/wp-json\/wp\/v2\/types\/page"}],"author":[{"embeddable":true,"href":"https:\/\/prestige.cabinet-carniel.immo\/en\/wp-json\/wp\/v2\/users\/2"}],"replies":[{"embeddable":true,"href":"https:\/\/prestige.cabinet-carniel.immo\/en\/wp-json\/wp\/v2\/comments?post=17"}],"version-history":[{"count":0,"href":"https:\/\/prestige.cabinet-carniel.immo\/en\/wp-json\/wp\/v2\/pages\/17\/revisions"}],"wp:featuredmedia":[{"embeddable":true,"href":"https:\/\/prestige.cabinet-carniel.immo\/en\/wp-json\/wp\/v2\/media\/2014"}],"wp:attachment":[{"href":"https:\/\/prestige.cabinet-carniel.immo\/en\/wp-json\/wp\/v2\/media?parent=17"}],"curies":[{"name":"wp","href":"https:\/\/api.w.org\/{rel}","templated":true}]}}