{"id":547,"date":"2026-02-04T22:19:49","date_gmt":"2026-02-04T21:19:49","guid":{"rendered":"https:\/\/prestige.cabinet-carniel.immo\/?page_id=547"},"modified":"2026-03-30T17:29:47","modified_gmt":"2026-03-30T15:29:47","slug":"agence","status":"publish","type":"page","link":"https:\/\/prestige.cabinet-carniel.immo\/en\/agence\/","title":{"rendered":"L&rsquo;agence"},"content":{"rendered":"\t\t<div data-elementor-type=\"wp-page\" data-elementor-id=\"547\" class=\"elementor elementor-547\" data-elementor-post-type=\"page\">\n\t\t\t\t<div class=\"elementor-element elementor-element-a4d1eeb e-flex e-con-boxed e-con e-parent\" data-id=\"a4d1eeb\" data-element_type=\"container\" data-e-type=\"container\" data-settings=\"{&quot;background_background&quot;:&quot;classic&quot;}\">\n\t\t\t\t\t<div class=\"e-con-inner\">\n\t\t<div class=\"elementor-element elementor-element-ed9af4f e-con-full e-flex e-con e-child\" data-id=\"ed9af4f\" data-element_type=\"container\" data-e-type=\"container\">\n\t\t\t\t<div class=\"elementor-element elementor-element-9d7e628 elementor-widget-tablet__width-initial elementor-widget elementor-widget-heading\" data-id=\"9d7e628\" data-element_type=\"widget\" data-e-type=\"widget\" data-widget_type=\"heading.default\">\n\t\t\t\t\t<h1 class=\"elementor-heading-title elementor-size-default\">Le cabinet Carniel<\/h1>\t\t\t\t<\/div>\n\t\t\t\t<\/div>\n\t\t\t\t\t<\/div>\n\t\t\t\t<\/div>\n\t\t<div class=\"elementor-element elementor-element-897219a e-flex e-con-boxed e-con e-parent\" data-id=\"897219a\" data-element_type=\"container\" data-e-type=\"container\">\n\t\t\t\t\t<div class=\"e-con-inner\">\n\t\t<div class=\"elementor-element elementor-element-568d659 e-con-full e-flex e-con e-child\" data-id=\"568d659\" data-element_type=\"container\" data-e-type=\"container\">\n\t\t\t\t<div class=\"elementor-element elementor-element-08ee03a elementor-widget elementor-widget-image\" data-id=\"08ee03a\" data-element_type=\"widget\" data-e-type=\"widget\" data-widget_type=\"image.default\">\n\t\t\t\t\t\t\t\t\t\t\t\t\t\t\t<img fetchpriority=\"high\" decoding=\"async\" width=\"781\" height=\"440\" src=\"https:\/\/prestige.cabinet-carniel.immo\/wp-content\/uploads\/2026\/02\/le_cabinet_carniel.webp\" class=\"attachment-full size-full wp-image-921\" alt=\"\" srcset=\"https:\/\/prestige.cabinet-carniel.immo\/wp-content\/uploads\/2026\/02\/le_cabinet_carniel.webp 781w, https:\/\/prestige.cabinet-carniel.immo\/wp-content\/uploads\/2026\/02\/le_cabinet_carniel-300x169.webp 300w, https:\/\/prestige.cabinet-carniel.immo\/wp-content\/uploads\/2026\/02\/le_cabinet_carniel-768x433.webp 768w\" sizes=\"(max-width: 781px) 100vw, 781px\" \/>\t\t\t\t\t\t\t\t\t\t\t\t\t\t\t<\/div>\n\t\t\t\t<\/div>\n\t\t<div class=\"elementor-element elementor-element-7ba13eb e-con-full e-flex e-con e-child\" data-id=\"7ba13eb\" data-element_type=\"container\" data-e-type=\"container\">\n\t\t\t\t<div class=\"elementor-element elementor-element-9ad73ea elementor-widget__width-initial elementor-widget-tablet__width-inherit elementor-widget elementor-widget-text-editor\" data-id=\"9ad73ea\" data-element_type=\"widget\" data-e-type=\"widget\" data-widget_type=\"text-editor.default\">\n\t\t\t\t\t\t\t\t\tImplant\u00e9 au c\u0153ur de Marmande, le Cabinet Carniel organise chaque projet avec m\u00e9thode et pr\u00e9cision.\n<br>\nLieu d\u2019accueil et de conseil, le cabinet structure positionnement, mise en valeur et suivi rigoureux afin d\u2019accompagner chaque bien avec coh\u00e9rence et ma\u00eetrise.\t\t\t\t\t\t\t\t<\/div>\n\t\t\t\t<div class=\"elementor-element elementor-element-a2d05f3 elementor-align-left elementor-tablet-align-left elementor-widget-tablet__width-initial elementor-widget__width-initial elementor-widget elementor-widget-button\" data-id=\"a2d05f3\" data-element_type=\"widget\" data-e-type=\"widget\" data-widget_type=\"button.default\">\n\t\t\t\t\t\t\t\t\t\t<a class=\"elementor-button elementor-button-link elementor-size-sm\" href=\"#equipe\">\n\t\t\t\t\t\t<span class=\"elementor-button-content-wrapper\">\n\t\t\t\t\t\t<span class=\"elementor-button-icon\">\n\t\t\t\t<svg xmlns=\"http:\/\/www.w3.org\/2000\/svg\" width=\"800px\" height=\"800px\" viewBox=\"0 0 24 24\"><path d=\"M16.646 15.646L19.293 13H3v-1h16.293l-2.647-2.646.707-.707 3.854 3.853-3.854 3.854z\"><\/path><path fill=\"none\" d=\"M0 0h24v24H0z\"><\/path><\/svg>\t\t\t<\/span>\n\t\t\t\t\t\t\t\t\t<span class=\"elementor-button-text\">Rencontrer l\u2019\u00e9quipe<\/span>\n\t\t\t\t\t<\/span>\n\t\t\t\t\t<\/a>\n\t\t\t\t\t\t\t\t<\/div>\n\t\t\t\t<\/div>\n\t\t\t\t\t<\/div>\n\t\t\t\t<\/div>\n\t\t<div class=\"elementor-element elementor-element-6fe1d53 e-flex e-con-boxed e-con e-parent\" data-id=\"6fe1d53\" data-element_type=\"container\" data-e-type=\"container\" data-settings=\"{&quot;background_background&quot;:&quot;classic&quot;}\">\n\t\t\t\t\t<div class=\"e-con-inner\">\n\t\t\t\t<div class=\"elementor-element elementor-element-ac1803e elementor-widget-tablet__width-initial animated-slow elementor-invisible elementor-widget elementor-widget-text-editor\" data-id=\"ac1803e\" data-element_type=\"widget\" data-e-type=\"widget\" data-settings=\"{&quot;_animation&quot;:&quot;fadeIn&quot;,&quot;motion_fx_motion_fx_scrolling&quot;:&quot;yes&quot;,&quot;motion_fx_translateY_effect&quot;:&quot;yes&quot;,&quot;motion_fx_translateY_speed&quot;:{&quot;unit&quot;:&quot;px&quot;,&quot;size&quot;:5,&quot;sizes&quot;:[]},&quot;motion_fx_translateY_affectedRange&quot;:{&quot;unit&quot;:&quot;%&quot;,&quot;size&quot;:&quot;&quot;,&quot;sizes&quot;:{&quot;start&quot;:0,&quot;end&quot;:50}},&quot;motion_fx_blur_effect&quot;:&quot;yes&quot;,&quot;motion_fx_blur_range&quot;:{&quot;unit&quot;:&quot;%&quot;,&quot;size&quot;:&quot;&quot;,&quot;sizes&quot;:{&quot;start&quot;:20,&quot;end&quot;:46}},&quot;_animation_delay&quot;:700,&quot;motion_fx_blur_direction&quot;:&quot;out-in&quot;,&quot;motion_fx_blur_level&quot;:{&quot;unit&quot;:&quot;px&quot;,&quot;size&quot;:7,&quot;sizes&quot;:[]},&quot;motion_fx_devices&quot;:[&quot;desktop&quot;,&quot;tablet&quot;,&quot;mobile&quot;]}\" data-widget_type=\"text-editor.default\">\n\t\t\t\t\t\t\t\t\tL\u2019<i>exigence<\/i> comme <b>signature<\/b>.\n<br>\nLa <i>discr\u00e9tion<\/i> comme <b>m\u00e9thode<\/b>.\n<br>\nLa <i>confiance<\/i> comme <b>fondation<\/b>.\t\t\t\t\t\t\t\t<\/div>\n\t\t\t\t\t<\/div>\n\t\t\t\t<\/div>\n\t\t<div class=\"elementor-element elementor-element-55952dc e-flex e-con-boxed e-con e-parent\" data-id=\"55952dc\" data-element_type=\"container\" data-e-type=\"container\" id=\"equipe\">\n\t\t\t\t\t<div class=\"e-con-inner\">\n\t\t<div class=\"elementor-element elementor-element-03c78b4 e-con-full e-flex elementor-invisible e-con e-child\" data-id=\"03c78b4\" data-element_type=\"container\" data-e-type=\"container\" data-settings=\"{&quot;animation&quot;:&quot;fadeIn&quot;}\">\n\t\t\t\t<div class=\"elementor-element elementor-element-3245e30 elementor-widget elementor-widget-heading\" data-id=\"3245e30\" data-element_type=\"widget\" data-e-type=\"widget\" data-settings=\"{&quot;_animation&quot;:&quot;none&quot;}\" data-widget_type=\"heading.default\">\n\t\t\t\t\t<h2 class=\"elementor-heading-title elementor-size-default\">L'\u00e9quipe<\/h2>\t\t\t\t<\/div>\n\t\t\t\t<div class=\"elementor-element elementor-element-c2d147d elementor-widget__width-initial elementor-widget elementor-widget-text-editor\" data-id=\"c2d147d\" data-element_type=\"widget\" data-e-type=\"widget\" data-widget_type=\"text-editor.default\">\n\t\t\t\t\t\t\t\t\tLe Cabinet Carniel r\u00e9unit des professionnels exp\u00e9riment\u00e9s, engag\u00e9s au service de chaque projet.\n<br>\nExpertise, coordination et connaissance du march\u00e9 local se conjuguent pour offrir un accompagnement ma\u00eetris\u00e9.\t\t\t\t\t\t\t\t<\/div>\n\t\t<div class=\"elementor-element elementor-element-16727b6 e-grid e-con-full e-con e-child\" data-id=\"16727b6\" data-element_type=\"container\" data-e-type=\"container\">\n\t\t\t\t<div class=\"elementor-element elementor-element-7d950c0 elementor-flip-box--effect-fade elementor-widget elementor-widget-flip-box\" data-id=\"7d950c0\" data-element_type=\"widget\" data-e-type=\"widget\" data-widget_type=\"flip-box.default\">\n\t\t\t\t\t\t\t<div class=\"elementor-flip-box\" tabindex=\"0\">\n\t\t\t<div class=\"elementor-flip-box__layer elementor-flip-box__front\">\n\t\t\t\t<div class=\"elementor-flip-box__layer__overlay\">\n\t\t\t\t\t<div class=\"elementor-flip-box__layer__inner\">\n\t\t\t\t\t\t\t\t\t\t\t\t\t<div class=\"elementor-flip-box__image\">\n\t\t\t\t\t\t\t\t<img decoding=\"async\" width=\"250\" height=\"250\" src=\"https:\/\/prestige.cabinet-carniel.immo\/wp-content\/uploads\/2026\/02\/florian_faux.webp\" class=\"attachment-full size-full wp-image-897\" alt=\"Florian FAUX\" srcset=\"https:\/\/prestige.cabinet-carniel.immo\/wp-content\/uploads\/2026\/02\/florian_faux.webp 250w, https:\/\/prestige.cabinet-carniel.immo\/wp-content\/uploads\/2026\/02\/florian_faux-150x150.webp 150w\" sizes=\"(max-width: 250px) 100vw, 250px\" \/>\t\t\t\t\t\t\t<\/div>\n\t\t\t\t\t\t\n\t\t\t\t\t\t\t\t\t\t\t\t\t<h3 class=\"elementor-flip-box__layer__title\">\n\t\t\t\t\t\t\t\tFlorian Faux\t\t\t\t\t\t\t<\/h3>\n\t\t\t\t\t\t\n\t\t\t\t\t\t\t\t\t\t\t\t\t<div class=\"elementor-flip-box__layer__description\">\n\t\t\t\t\t\t\t\tG\u00e9rant - Agent Immobilier\n\t\t\t\t\t\t\t<\/div>\n\t\t\t\t\t\t\t\t\t\t\t<\/div>\n\t\t\t\t<\/div>\n\t\t\t<\/div>\n\t\t\t<div class=\"elementor-flip-box__layer elementor-flip-box__back\">\n\t\t\t<div class=\"elementor-flip-box__layer__overlay\">\n\t\t\t\t<div class=\"elementor-flip-box__layer__inner\">\n\t\t\t\t\t\n\t\t\t\t\t\t\t\t\t\t\t<div class=\"elementor-flip-box__layer__description\">\n\t\t\t\t\t\t\t\"\u00c0 la t\u00eate du Cabinet Carniel depuis 2015, j\u2019accompagne nos clients avec exigence et constance. Mon parcours, enrichi d\u2019engagements institutionnels au sein de la FNAIM et de GALIAN, nourrit une vision structur\u00e9e et responsable de l\u2019immobilier.\"\t\t\t\t\t\t<\/div>\n\t\t\t\t\t\n\t\t\t\t\t\t\t\t<\/div>\n\t\t<\/div>\n\t\t<\/div>\n\t\t<\/div>\n\t\t\t\t\t\t<\/div>\n\t\t\t\t<div class=\"elementor-element elementor-element-230c42a elementor-flip-box--effect-fade elementor-widget elementor-widget-flip-box\" data-id=\"230c42a\" data-element_type=\"widget\" data-e-type=\"widget\" data-widget_type=\"flip-box.default\">\n\t\t\t\t\t\t\t<div class=\"elementor-flip-box\" tabindex=\"0\">\n\t\t\t<div class=\"elementor-flip-box__layer elementor-flip-box__front\">\n\t\t\t\t<div class=\"elementor-flip-box__layer__overlay\">\n\t\t\t\t\t<div class=\"elementor-flip-box__layer__inner\">\n\t\t\t\t\t\t\t\t\t\t\t\t\t<div class=\"elementor-flip-box__image\">\n\t\t\t\t\t\t\t\t<img decoding=\"async\" width=\"250\" height=\"250\" src=\"https:\/\/prestige.cabinet-carniel.immo\/wp-content\/uploads\/2026\/02\/Sandrine_RAULOT.webp\" class=\"attachment-full size-full wp-image-905\" alt=\"Sandrine RAULOT\" srcset=\"https:\/\/prestige.cabinet-carniel.immo\/wp-content\/uploads\/2026\/02\/Sandrine_RAULOT.webp 250w, https:\/\/prestige.cabinet-carniel.immo\/wp-content\/uploads\/2026\/02\/Sandrine_RAULOT-150x150.webp 150w\" sizes=\"(max-width: 250px) 100vw, 250px\" \/>\t\t\t\t\t\t\t<\/div>\n\t\t\t\t\t\t\n\t\t\t\t\t\t\t\t\t\t\t\t\t<h3 class=\"elementor-flip-box__layer__title\">\n\t\t\t\t\t\t\t\tSandrine Raulot\t\t\t\t\t\t\t<\/h3>\n\t\t\t\t\t\t\n\t\t\t\t\t\t\t\t\t\t\t\t\t<div class=\"elementor-flip-box__layer__description\">\n\t\t\t\t\t\t\t\tAssistante de direction\t\t\t\t\t\t\t<\/div>\n\t\t\t\t\t\t\t\t\t\t\t<\/div>\n\t\t\t\t<\/div>\n\t\t\t<\/div>\n\t\t\t<div class=\"elementor-flip-box__layer elementor-flip-box__back\">\n\t\t\t<div class=\"elementor-flip-box__layer__overlay\">\n\t\t\t\t<div class=\"elementor-flip-box__layer__inner\">\n\t\t\t\t\t\n\t\t\t\t\t\t\t\t\t\t\t<div class=\"elementor-flip-box__layer__description\">\n\t\t\t\t\t\t\t\"En tant qu\u2019assistante commerciale et de direction, j\u2019assure la coordination des dossiers et veille \u00e0 la fluidit\u00e9 de chaque \u00e9tape, de la premi\u00e8re prise de contact \u00e0 la signature. Organisation, rigueur et discr\u00e9tion guident mon engagement quotidien afin d\u2019offrir un accompagnement pr\u00e9cis et serein.\"\t\t\t\t\t\t<\/div>\n\t\t\t\t\t\n\t\t\t\t\t\t\t\t<\/div>\n\t\t<\/div>\n\t\t<\/div>\n\t\t<\/div>\n\t\t\t\t\t\t<\/div>\n\t\t\t\t<div class=\"elementor-element elementor-element-b22b0b4 elementor-flip-box--effect-fade elementor-widget elementor-widget-flip-box\" data-id=\"b22b0b4\" data-element_type=\"widget\" data-e-type=\"widget\" data-widget_type=\"flip-box.default\">\n\t\t\t\t\t\t\t<div class=\"elementor-flip-box\" tabindex=\"0\">\n\t\t\t<div class=\"elementor-flip-box__layer elementor-flip-box__front\">\n\t\t\t\t<div class=\"elementor-flip-box__layer__overlay\">\n\t\t\t\t\t<div class=\"elementor-flip-box__layer__inner\">\n\t\t\t\t\t\t\t\t\t\t\t\t\t<div class=\"elementor-flip-box__image\">\n\t\t\t\t\t\t\t\t<img loading=\"lazy\" decoding=\"async\" width=\"250\" height=\"250\" src=\"https:\/\/prestige.cabinet-carniel.immo\/wp-content\/uploads\/2026\/02\/Valerie_MIHALOVICS.webp\" class=\"attachment-full size-full wp-image-907\" alt=\"Vale\u0301rie MIHALOVICS\" srcset=\"https:\/\/prestige.cabinet-carniel.immo\/wp-content\/uploads\/2026\/02\/Valerie_MIHALOVICS.webp 250w, https:\/\/prestige.cabinet-carniel.immo\/wp-content\/uploads\/2026\/02\/Valerie_MIHALOVICS-150x150.webp 150w\" sizes=\"(max-width: 250px) 100vw, 250px\" \/>\t\t\t\t\t\t\t<\/div>\n\t\t\t\t\t\t\n\t\t\t\t\t\t\t\t\t\t\t\t\t<h3 class=\"elementor-flip-box__layer__title\">\n\t\t\t\t\t\t\t\tVal\u00e9rie Mihalovics\t\t\t\t\t\t\t<\/h3>\n\t\t\t\t\t\t\n\t\t\t\t\t\t\t\t\t\t\t\t\t<div class=\"elementor-flip-box__layer__description\">\n\t\t\t\t\t\t\t\tConseill\u00e8re Vente\t\t\t\t\t\t\t<\/div>\n\t\t\t\t\t\t\t\t\t\t\t<\/div>\n\t\t\t\t<\/div>\n\t\t\t<\/div>\n\t\t\t<div class=\"elementor-flip-box__layer elementor-flip-box__back\">\n\t\t\t<div class=\"elementor-flip-box__layer__overlay\">\n\t\t\t\t<div class=\"elementor-flip-box__layer__inner\">\n\t\t\t\t\t\n\t\t\t\t\t\t\t\t\t\t\t<div class=\"elementor-flip-box__layer__description\">\n\t\t\t\t\t\t\t\"Allier rigueur professionnelle, sens du relationnel et accompagnement sur mesure constitue le fondement de mon engagement.\"\t\t\t\t\t\t<\/div>\n\t\t\t\t\t\n\t\t\t\t\t\t\t\t<\/div>\n\t\t<\/div>\n\t\t<\/div>\n\t\t<\/div>\n\t\t\t\t\t\t<\/div>\n\t\t\t\t<div class=\"elementor-element elementor-element-03ca26e elementor-flip-box--effect-fade elementor-widget elementor-widget-flip-box\" data-id=\"03ca26e\" data-element_type=\"widget\" data-e-type=\"widget\" data-widget_type=\"flip-box.default\">\n\t\t\t\t\t\t\t<div class=\"elementor-flip-box\" tabindex=\"0\">\n\t\t\t<div class=\"elementor-flip-box__layer elementor-flip-box__front\">\n\t\t\t\t<div class=\"elementor-flip-box__layer__overlay\">\n\t\t\t\t\t<div class=\"elementor-flip-box__layer__inner\">\n\t\t\t\t\t\t\t\t\t\t\t\t\t<div class=\"elementor-flip-box__image\">\n\t\t\t\t\t\t\t\t<img loading=\"lazy\" decoding=\"async\" width=\"250\" height=\"250\" src=\"https:\/\/prestige.cabinet-carniel.immo\/wp-content\/uploads\/2026\/02\/Linda_GRELAUD.webp\" class=\"attachment-full size-full wp-image-903\" alt=\"Linda GRELAUD\" srcset=\"https:\/\/prestige.cabinet-carniel.immo\/wp-content\/uploads\/2026\/02\/Linda_GRELAUD.webp 250w, https:\/\/prestige.cabinet-carniel.immo\/wp-content\/uploads\/2026\/02\/Linda_GRELAUD-150x150.webp 150w\" sizes=\"(max-width: 250px) 100vw, 250px\" \/>\t\t\t\t\t\t\t<\/div>\n\t\t\t\t\t\t\n\t\t\t\t\t\t\t\t\t\t\t\t\t<h3 class=\"elementor-flip-box__layer__title\">\n\t\t\t\t\t\t\t\tLinda Grelaud\t\t\t\t\t\t\t<\/h3>\n\t\t\t\t\t\t\n\t\t\t\t\t\t\t\t\t\t\t\t\t<div class=\"elementor-flip-box__layer__description\">\n\t\t\t\t\t\t\t\tConseill\u00e8re Vente\t\t\t\t\t\t\t<\/div>\n\t\t\t\t\t\t\t\t\t\t\t<\/div>\n\t\t\t\t<\/div>\n\t\t\t<\/div>\n\t\t\t<div class=\"elementor-flip-box__layer elementor-flip-box__back\">\n\t\t\t<div class=\"elementor-flip-box__layer__overlay\">\n\t\t\t\t<div class=\"elementor-flip-box__layer__inner\">\n\t\t\t\t\t\n\t\t\t\t\t\t\t\t\t\t\t<div class=\"elementor-flip-box__layer__description\">\n\t\t\t\t\t\t\t\"Forte de quinze ann\u00e9es d\u2019exp\u00e9rience dans le secteur de la construction, j\u2019ai orient\u00e9 mon expertise vers l\u2019immobilier afin d\u2019accompagner chaque projet avec rigueur et vision globale. Ancr\u00e9e de longue date \u00e0 Casteljaloux, j\u2019interviens avec exigence et sens du conseil.\"\t\t\t\t\t\t<\/div>\n\t\t\t\t\t\n\t\t\t\t\t\t\t\t<\/div>\n\t\t<\/div>\n\t\t<\/div>\n\t\t<\/div>\n\t\t\t\t\t\t<\/div>\n\t\t\t\t<div class=\"elementor-element elementor-element-633e7a2 elementor-flip-box--effect-fade elementor-widget elementor-widget-flip-box\" data-id=\"633e7a2\" data-element_type=\"widget\" data-e-type=\"widget\" data-widget_type=\"flip-box.default\">\n\t\t\t\t\t\t\t<div class=\"elementor-flip-box\" tabindex=\"0\">\n\t\t\t<div class=\"elementor-flip-box__layer elementor-flip-box__front\">\n\t\t\t\t<div class=\"elementor-flip-box__layer__overlay\">\n\t\t\t\t\t<div class=\"elementor-flip-box__layer__inner\">\n\t\t\t\t\t\t\t\t\t\t\t\t\t<div class=\"elementor-flip-box__image\">\n\t\t\t\t\t\t\t\t<img loading=\"lazy\" decoding=\"async\" width=\"250\" height=\"250\" src=\"https:\/\/prestige.cabinet-carniel.immo\/wp-content\/uploads\/2026\/02\/Sophie_demaret.webp\" class=\"attachment-full size-full wp-image-906\" alt=\"Sophie DEMARET\" srcset=\"https:\/\/prestige.cabinet-carniel.immo\/wp-content\/uploads\/2026\/02\/Sophie_demaret.webp 250w, https:\/\/prestige.cabinet-carniel.immo\/wp-content\/uploads\/2026\/02\/Sophie_demaret-150x150.webp 150w\" sizes=\"(max-width: 250px) 100vw, 250px\" \/>\t\t\t\t\t\t\t<\/div>\n\t\t\t\t\t\t\n\t\t\t\t\t\t\t\t\t\t\t\t\t<h3 class=\"elementor-flip-box__layer__title\">\n\t\t\t\t\t\t\t\tSophie Demaret\t\t\t\t\t\t\t<\/h3>\n\t\t\t\t\t\t\n\t\t\t\t\t\t\t\t\t\t\t\t\t<div class=\"elementor-flip-box__layer__description\">\n\t\t\t\t\t\t\t\tConseill\u00e8re Vente\t\t\t\t\t\t\t<\/div>\n\t\t\t\t\t\t\t\t\t\t\t<\/div>\n\t\t\t\t<\/div>\n\t\t\t<\/div>\n\t\t\t<div class=\"elementor-flip-box__layer elementor-flip-box__back\">\n\t\t\t<div class=\"elementor-flip-box__layer__overlay\">\n\t\t\t\t<div class=\"elementor-flip-box__layer__inner\">\n\t\t\t\t\t\n\t\t\t\t\t\t\t\t\t\t\t<div class=\"elementor-flip-box__layer__description\">\n\t\t\t\t\t\t\t\"Passionn\u00e9e par l\u2019immobilier, j\u2019exerce ce m\u00e9tier depuis 2018 et ai rejoint le Cabinet Carniel en 2023. Mon parcours commercial m\u2019a permis de d\u00e9velopper une \u00e9coute attentive, une compr\u00e9hension fine des besoins et un sens aigu de la relation de confiance.\"\t\t\t\t\t\t<\/div>\n\t\t\t\t\t\n\t\t\t\t\t\t\t\t<\/div>\n\t\t<\/div>\n\t\t<\/div>\n\t\t<\/div>\n\t\t\t\t\t\t<\/div>\n\t\t\t\t<div class=\"elementor-element elementor-element-2815c3f elementor-flip-box--effect-fade elementor-widget elementor-widget-flip-box\" data-id=\"2815c3f\" data-element_type=\"widget\" data-e-type=\"widget\" data-widget_type=\"flip-box.default\">\n\t\t\t\t\t\t\t<div class=\"elementor-flip-box\" tabindex=\"0\">\n\t\t\t<div class=\"elementor-flip-box__layer elementor-flip-box__front\">\n\t\t\t\t<div class=\"elementor-flip-box__layer__overlay\">\n\t\t\t\t\t<div class=\"elementor-flip-box__layer__inner\">\n\t\t\t\t\t\t\t\t\t\t\t\t\t<div class=\"elementor-flip-box__image\">\n\t\t\t\t\t\t\t\t<img loading=\"lazy\" decoding=\"async\" width=\"250\" height=\"250\" src=\"https:\/\/prestige.cabinet-carniel.immo\/wp-content\/uploads\/2026\/02\/Marie_SORIN.webp\" class=\"attachment-full size-full wp-image-904\" alt=\"Marie SORIN\" srcset=\"https:\/\/prestige.cabinet-carniel.immo\/wp-content\/uploads\/2026\/02\/Marie_SORIN.webp 250w, https:\/\/prestige.cabinet-carniel.immo\/wp-content\/uploads\/2026\/02\/Marie_SORIN-150x150.webp 150w\" sizes=\"(max-width: 250px) 100vw, 250px\" \/>\t\t\t\t\t\t\t<\/div>\n\t\t\t\t\t\t\n\t\t\t\t\t\t\t\t\t\t\t\t\t<h3 class=\"elementor-flip-box__layer__title\">\n\t\t\t\t\t\t\t\tMarie Sorin\t\t\t\t\t\t\t<\/h3>\n\t\t\t\t\t\t\n\t\t\t\t\t\t\t\t\t\t\t\t\t<div class=\"elementor-flip-box__layer__description\">\n\t\t\t\t\t\t\t\tConseill\u00e8re Vente\t\t\t\t\t\t\t<\/div>\n\t\t\t\t\t\t\t\t\t\t\t<\/div>\n\t\t\t\t<\/div>\n\t\t\t<\/div>\n\t\t\t<div class=\"elementor-flip-box__layer elementor-flip-box__back\">\n\t\t\t<div class=\"elementor-flip-box__layer__overlay\">\n\t\t\t\t<div class=\"elementor-flip-box__layer__inner\">\n\t\t\t\t\t\n\t\t\t\t\t\t\t\t\t\t\t<div class=\"elementor-flip-box__layer__description\">\n\t\t\t\t\t\t\t\"Sp\u00e9cialis\u00e9e en transaction, j\u2019interviens avec m\u00e9thode et discernement pour valoriser chaque bien et s\u00e9curiser chaque acquisition, dans le respect des attentes et des exigences de mes clients.\"\t\t\t\t\t\t<\/div>\n\t\t\t\t\t\n\t\t\t\t\t\t\t\t<\/div>\n\t\t<\/div>\n\t\t<\/div>\n\t\t<\/div>\n\t\t\t\t\t\t<\/div>\n\t\t\t\t<\/div>\n\t\t\t\t<\/div>\n\t\t\t\t\t<\/div>\n\t\t\t\t<\/div>\n\t\t<div class=\"elementor-element elementor-element-dd72820 e-flex e-con-boxed e-con e-parent\" data-id=\"dd72820\" data-element_type=\"container\" data-e-type=\"container\" data-settings=\"{&quot;background_background&quot;:&quot;classic&quot;}\">\n\t\t\t\t\t<div class=\"e-con-inner\">\n\t\t\t\t<div class=\"elementor-element elementor-element-49e2f70 animated-slow elementor-widget__width-initial elementor-invisible elementor-widget elementor-widget-text-editor\" data-id=\"49e2f70\" data-element_type=\"widget\" data-e-type=\"widget\" data-settings=\"{&quot;_animation&quot;:&quot;fadeIn&quot;}\" data-widget_type=\"text-editor.default\">\n\t\t\t\t\t\t\t\t\tUn accompagnement \u00e0 la hauteur de votre projet\t\t\t\t\t\t\t\t<\/div>\n\t\t\t\t<div class=\"elementor-element elementor-element-9a12266 elementor-widget__width-initial elementor-widget elementor-widget-text-editor\" data-id=\"9a12266\" data-element_type=\"widget\" data-e-type=\"widget\" data-widget_type=\"text-editor.default\">\n\t\t\t\t\t\t\t\t\tDerri\u00e8re chaque bien confi\u00e9, une \u00e9quipe mobilis\u00e9e.\n<br>\nUne approche structur\u00e9e, une \u00e9coute attentive, un suivi constant jusqu\u2019\u00e0 la concr\u00e9tisation de votre projet.\t\t\t\t\t\t\t\t<\/div>\n\t\t\t\t<div class=\"elementor-element elementor-element-809d7be elementor-align-center elementor-widget elementor-widget-button\" data-id=\"809d7be\" data-element_type=\"widget\" data-e-type=\"widget\" data-widget_type=\"button.default\">\n\t\t\t\t\t\t\t\t\t\t<a class=\"elementor-button elementor-button-link elementor-size-sm\" href=\"https:\/\/prestige.cabinet-carniel.immo\/en\/contact\/\">\n\t\t\t\t\t\t<span class=\"elementor-button-content-wrapper\">\n\t\t\t\t\t\t<span class=\"elementor-button-icon\">\n\t\t\t\t<svg xmlns=\"http:\/\/www.w3.org\/2000\/svg\" width=\"800px\" height=\"800px\" viewBox=\"0 0 24 24\"><path d=\"M16.646 15.646L19.293 13H3v-1h16.293l-2.647-2.646.707-.707 3.854 3.853-3.854 3.854z\"><\/path><path fill=\"none\" d=\"M0 0h24v24H0z\"><\/path><\/svg>\t\t\t<\/span>\n\t\t\t\t\t\t\t\t\t<span class=\"elementor-button-text\">\u00c9changer avec le Cabinet<\/span>\n\t\t\t\t\t<\/span>\n\t\t\t\t\t<\/a>\n\t\t\t\t\t\t\t\t<\/div>\n\t\t\t\t\t<\/div>\n\t\t\t\t<\/div>\n\t\t\t\t<\/div>\n\t\t","protected":false},"excerpt":{"rendered":"<p>Faites connaissance avec l&rsquo;\u00e9quipe du Cabinet Carniel, votre agence immobili\u00e8re de r\u00e9f\u00e9rence \u00e0 Marmande. Expertise locale, accompagnement personnalis\u00e9 et passion pour le territoire du Lot-et-Garonne. D\u00e9couvrez notre histoire et nos valeurs.<\/p>","protected":false},"author":2,"featured_media":2011,"parent":0,"menu_order":0,"comment_status":"closed","ping_status":"closed","template":"","meta":{"_acf_changed":false,"footnotes":""},"class_list":["post-547","page","type-page","status-publish","has-post-thumbnail","hentry"],"acf":[],"_links":{"self":[{"href":"https:\/\/prestige.cabinet-carniel.immo\/en\/wp-json\/wp\/v2\/pages\/547","targetHints":{"allow":["GET"]}}],"collection":[{"href":"https:\/\/prestige.cabinet-carniel.immo\/en\/wp-json\/wp\/v2\/pages"}],"about":[{"href":"https:\/\/prestige.cabinet-carniel.immo\/en\/wp-json\/wp\/v2\/types\/page"}],"author":[{"embeddable":true,"href":"https:\/\/prestige.cabinet-carniel.immo\/en\/wp-json\/wp\/v2\/users\/2"}],"replies":[{"embeddable":true,"href":"https:\/\/prestige.cabinet-carniel.immo\/en\/wp-json\/wp\/v2\/comments?post=547"}],"version-history":[{"count":0,"href":"https:\/\/prestige.cabinet-carniel.immo\/en\/wp-json\/wp\/v2\/pages\/547\/revisions"}],"wp:featuredmedia":[{"embeddable":true,"href":"https:\/\/prestige.cabinet-carniel.immo\/en\/wp-json\/wp\/v2\/media\/2011"}],"wp:attachment":[{"href":"https:\/\/prestige.cabinet-carniel.immo\/en\/wp-json\/wp\/v2\/media?parent=547"}],"curies":[{"name":"wp","href":"https:\/\/api.w.org\/{rel}","templated":true}]}}